{"id":1113,"date":"2025-08-14T20:59:33","date_gmt":"2025-08-14T20:59:33","guid":{"rendered":"https:\/\/r4tk.cheofoundation.com\/?page_id=1113"},"modified":"2025-09-26T18:43:22","modified_gmt":"2025-09-26T18:43:22","slug":"prix","status":"publish","type":"page","link":"https:\/\/r4tk.cheofoundation.com\/fr\/amasser-des-fonds\/prix\/","title":{"rendered":"Prix"},"content":{"rendered":"\n<h2 class=\"wp-block-heading has-text-align-center\">Prix<\/h2>\n\n<p class=\"has-text-align-center\">Commencez votre collecte de fonds d\u00e8s aujourd\u2019hui pour courir la chance de gagner ces prix excitants!<\/p>\n\n<div class=\"wp-block-columns is-layout-flex wp-container-core-columns-is-layout-28f84493 wp-block-columns-is-layout-flex\">\n<div class=\"wp-block-column is-layout-flow wp-block-column-is-layout-flow\"><\/div>\n\n\n\n<div class=\"wp-block-column is-layout-flow wp-block-column-is-layout-flow\"><\/div>\n\n\n\n<div class=\"wp-block-column is-layout-flow wp-block-column-is-layout-flow\"><\/div>\n<\/div>\n\n<div class=\"wp-block-group custom-row-wrapper cols-3 is-layout-constrained wp-block-group-is-layout-constrained\" style=\"margin-top:var(--wp--preset--spacing--lg);margin-bottom:0\">\n<div class=\"wp-block-columns cards circle-ribbon-cards raised-image is-layout-flex wp-container-core-columns-is-layout-28f84493 wp-block-columns-is-layout-flex\">\n<div class=\"wp-block-column is-vertically-aligned-stretch has-blue-background-color has-background is-layout-constrained wp-container-core-column-is-layout-92b9201d wp-block-column-is-layout-constrained\">\n<div class=\"wp-block-cover is-light circle-ribbon\" style=\"min-height:50px;aspect-ratio:unset;\"><img loading=\"lazy\" decoding=\"async\" width=\"234\" height=\"233\" class=\"wp-block-cover__image-background wp-image-759\" alt=\"\" src=\"https:\/\/r4tk.cheofoundation.com\/wp-content\/uploads\/sites\/4\/2025\/06\/circle-blob.png\" data-object-fit=\"cover\" srcset=\"https:\/\/r4tk.cheofoundation.com\/wp-content\/uploads\/sites\/4\/2025\/06\/circle-blob.png 234w, https:\/\/r4tk.cheofoundation.com\/wp-content\/uploads\/sites\/4\/2025\/06\/circle-blob-150x150.png 150w\" sizes=\"auto, (max-width: 234px) 100vw, 234px\" \/><span aria-hidden=\"true\" class=\"wp-block-cover__background has-background-dim-0 has-background-dim\"><\/span><div class=\"wp-block-cover__inner-container is-layout-constrained wp-block-cover-is-layout-constrained\">\n<figure class=\"wp-block-image size-full\"><img loading=\"lazy\" decoding=\"async\" width=\"600\" height=\"428\" src=\"https:\/\/r4tk.cheofoundation.com\/wp-content\/uploads\/sites\/4\/2025\/08\/RBC_R4TK_2025_Bucket_Hat.png\" alt=\"RBC R4TK 2025 Chapeau de p&#xEA;che\" class=\"wp-image-1109\" srcset=\"https:\/\/r4tk.cheofoundation.com\/wp-content\/uploads\/sites\/4\/2025\/08\/RBC_R4TK_2025_Bucket_Hat.png 600w, https:\/\/r4tk.cheofoundation.com\/wp-content\/uploads\/sites\/4\/2025\/08\/RBC_R4TK_2025_Bucket_Hat-300x214.png 300w\" sizes=\"auto, (max-width: 600px) 100vw, 600px\" \/><\/figure>\n<\/div><\/div>\n\n\n\n<div class=\"wp-block-group is-layout-constrained wp-container-core-group-is-layout-e555385e wp-block-group-is-layout-constrained\">\n<h3 class=\"wp-block-heading has-text-align-center has-white-color has-text-color has-link-color wp-elements-2812f0bbdc70e0ed1099b345cfb91add\">Chapeau de p\u00eache<\/h3>\n\n\n\n<p class=\"has-text-align-center has-white-color has-text-color has-link-color wp-elements-50bdf316542dd433383b65cbcd04e0e3\">Niveau de prix: Inclus avec l\u2019inscription !<\/p>\n<\/div>\n<\/div>\n\n\n\n<div class=\"wp-block-column is-vertically-aligned-stretch has-blue-background-color has-background is-layout-constrained wp-container-core-column-is-layout-92b9201d wp-block-column-is-layout-constrained\">\n<div class=\"wp-block-cover is-light circle-ribbon\" style=\"min-height:50px;aspect-ratio:unset;\"><img loading=\"lazy\" decoding=\"async\" width=\"234\" height=\"233\" class=\"wp-block-cover__image-background wp-image-759\" alt=\"\" src=\"https:\/\/r4tk.cheofoundation.com\/wp-content\/uploads\/sites\/4\/2025\/06\/circle-blob.png\" data-object-fit=\"cover\" srcset=\"https:\/\/r4tk.cheofoundation.com\/wp-content\/uploads\/sites\/4\/2025\/06\/circle-blob.png 234w, https:\/\/r4tk.cheofoundation.com\/wp-content\/uploads\/sites\/4\/2025\/06\/circle-blob-150x150.png 150w\" sizes=\"auto, (max-width: 234px) 100vw, 234px\" \/><span aria-hidden=\"true\" class=\"wp-block-cover__background has-background-dim-0 has-background-dim\"><\/span><div class=\"wp-block-cover__inner-container is-layout-constrained wp-block-cover-is-layout-constrained\">\n<figure class=\"wp-block-image size-full\"><img loading=\"lazy\" decoding=\"async\" width=\"600\" height=\"198\" src=\"https:\/\/r4tk.cheofoundation.com\/wp-content\/uploads\/sites\/4\/2025\/08\/RBC_RFTK_2025_Running_Belt.png\" alt=\"RBC R4TK 2025 Ceinture de course\" class=\"wp-image-1111\" srcset=\"https:\/\/r4tk.cheofoundation.com\/wp-content\/uploads\/sites\/4\/2025\/08\/RBC_RFTK_2025_Running_Belt.png 600w, https:\/\/r4tk.cheofoundation.com\/wp-content\/uploads\/sites\/4\/2025\/08\/RBC_RFTK_2025_Running_Belt-300x99.png 300w\" sizes=\"auto, (max-width: 600px) 100vw, 600px\" \/><\/figure>\n<\/div><\/div>\n\n\n\n<div class=\"wp-block-group is-layout-constrained wp-block-group-is-layout-constrained\">\n<h3 class=\"wp-block-heading has-text-align-center has-white-color has-text-color has-link-color wp-elements-30a5c98234bda8a4e0550fbf7e8d6cc6\">Ceinture de course<\/h3>\n\n\n\n<p class=\"has-text-align-center has-white-color has-text-color has-link-color wp-elements-8405b1e2d89bd85febf8bd8096845f2b\">Niveau de prix : 150 $ amass\u00e9s<\/p>\n<\/div>\n<\/div>\n\n\n\n<div class=\"wp-block-column is-vertically-aligned-stretch has-blue-background-color has-background is-layout-constrained wp-container-core-column-is-layout-92b9201d wp-block-column-is-layout-constrained\">\n<div class=\"wp-block-cover is-light circle-ribbon\" style=\"min-height:404px;aspect-ratio:unset;\"><img loading=\"lazy\" decoding=\"async\" width=\"234\" height=\"233\" class=\"wp-block-cover__image-background wp-image-759\" alt=\"\" src=\"https:\/\/r4tk.cheofoundation.com\/wp-content\/uploads\/sites\/4\/2025\/06\/circle-blob.png\" data-object-fit=\"cover\" srcset=\"https:\/\/r4tk.cheofoundation.com\/wp-content\/uploads\/sites\/4\/2025\/06\/circle-blob.png 234w, https:\/\/r4tk.cheofoundation.com\/wp-content\/uploads\/sites\/4\/2025\/06\/circle-blob-150x150.png 150w\" sizes=\"auto, (max-width: 234px) 100vw, 234px\" \/><span aria-hidden=\"true\" class=\"wp-block-cover__background has-background-dim-0 has-background-dim\"><\/span><div class=\"wp-block-cover__inner-container is-layout-constrained wp-block-cover-is-layout-constrained\">\n<figure class=\"wp-block-image size-full\"><img loading=\"lazy\" decoding=\"async\" width=\"420\" height=\"186\" src=\"https:\/\/r4tk.cheofoundation.com\/wp-content\/uploads\/sites\/4\/2025\/09\/St_Louis_logo_v2-1.png\" alt=\"St.Louis Bar &amp;amp; Grill\" class=\"wp-image-1175\" srcset=\"https:\/\/r4tk.cheofoundation.com\/wp-content\/uploads\/sites\/4\/2025\/09\/St_Louis_logo_v2-1.png 420w, https:\/\/r4tk.cheofoundation.com\/wp-content\/uploads\/sites\/4\/2025\/09\/St_Louis_logo_v2-1-300x133.png 300w\" sizes=\"auto, (max-width: 420px) 100vw, 420px\" \/><\/figure>\n<\/div><\/div>\n\n\n\n<div class=\"wp-block-group is-layout-constrained wp-block-group-is-layout-constrained\">\n<p class=\"has-text-align-center has-white-color has-text-color has-link-color wp-elements-49338b610b45fc65f3dee59d878ef339\">Le St. Louis Bar &amp; Grill du 1331 avenue Clyde offrira un coupon pour un repas gratuit \u00e0 tous les enfants qui s&rsquo;inscrivent.*<\/p>\n\n\n\n<p class=\"has-text-align-center has-white-color has-text-color has-link-color has-small-font-size wp-elements-16d96e83f5c99c0d8fc7e203c11963cc\"><em>*jusqu\u2019\u00e0 \u00e9puisement des stocks, certaines conditions s\u2019appliquent. <\/em> <\/p>\n<\/div>\n<\/div>\n<\/div>\n<\/div>\n\n<div style=\"height:100px\" aria-hidden=\"true\" class=\"wp-block-spacer\"><\/div>\n\n<h3 class=\"wp-block-heading has-text-align-left pb-3\">Tirage au sort<\/h3>\n\n<h4 class=\"wp-block-heading\">Billets WestJet<\/h4>\n\n<figure class=\"wp-block-image size-medium\"><img loading=\"lazy\" decoding=\"async\" width=\"300\" height=\"73\" src=\"https:\/\/r4tk.cheofoundation.com\/wp-content\/uploads\/sites\/4\/2025\/09\/westjet-logo-EN-300x73.png\" alt=\"WestJet logo\" class=\"wp-image-1177\" srcset=\"https:\/\/r4tk.cheofoundation.com\/wp-content\/uploads\/sites\/4\/2025\/09\/westjet-logo-EN-300x73.png 300w, https:\/\/r4tk.cheofoundation.com\/wp-content\/uploads\/sites\/4\/2025\/09\/westjet-logo-EN.png 660w\" sizes=\"auto, (max-width: 300px) 100vw, 300px\" \/><\/figure>\n\n<p>Un bulletin de vote pour chaque tranche de 250 $ collect\u00e9s.<\/p>\n\n<p>Deux laissez-passer pour n\u2019importe quel vol de WestJet. Un vol aller-retour pour deux invit\u00e9s vers n\u2019importe quelle destination de WestJet r\u00e9guli\u00e8re et commerciale!* <\/p>\n\n<p>*Aucune valeur mon\u00e9taire. Frais, taxes et suppl\u00e9ments non inclus. Des dates d\u2019interdiction et des restrictions s\u2019appliquent.<\/p>\n\n<div style=\"height:100px\" aria-hidden=\"true\" class=\"wp-block-spacer\"><\/div>\n\n<h3 class=\"wp-block-heading has-text-align-left pb-3\">Principaux collecteurs de fonds<\/h3>\n\n<div class=\"wp-block-columns is-layout-flex wp-container-core-columns-is-layout-28f84493 wp-block-columns-is-layout-flex\">\n<div class=\"wp-block-column is-layout-flow wp-block-column-is-layout-flow\">\n<h4 class=\"wp-block-heading pb-3\">Participants Individuels<\/h4>\n\n\n\n<ul class=\"wp-block-list\">\n<li><strong>1\u00e8re place :<\/strong> Carte-cadeau Bushtukah de 400 dollars<\/li>\n\n\n\n<li><strong>2\u00e8me place :<\/strong> carte cadeau Bushtukah de 300 dollars<\/li>\n\n\n\n<li><strong>3\u00e8me place :<\/strong> carte cadeau Bushtukah de 200 dollars<\/li>\n<\/ul>\n<\/div>\n\n\n\n<div class=\"wp-block-column is-layout-flow wp-block-column-is-layout-flow\">\n<h4 class=\"wp-block-heading pb-3\">\u00c9quipes en milieu de travail<\/h4>\n\n\n\n<ul class=\"wp-block-list\">\n<li><strong>1\u00e8re place :<\/strong> table de 750 $ au Lexington Smoke House<\/li>\n\n\n\n<li><strong>2e place :<\/strong> cartes-cadeaux Petro Canada de 100 $ (pour un maximum de 10 membres de l&rsquo;\u00e9quipe)<\/li>\n\n\n\n<li><strong>3e place :<\/strong> carte-cadeau Grey&rsquo;s Social Eatery de 50 $ (pour un maximum de 10 membres de l&rsquo;\u00e9quipe)<\/li>\n<\/ul>\n<\/div>\n\n\n\n<div class=\"wp-block-column is-layout-flow wp-block-column-is-layout-flow\">\n<h4 class=\"wp-block-heading pb-3\">\u00c9quipes famille et amis<\/h4>\n\n\n\n<ul class=\"wp-block-list\">\n<li><strong>1\u00e8re place :<\/strong> table de 750 $ au St. Louis Bar &amp; Grill situ\u00e9 au 1331 Clyde Rd.<\/li>\n\n\n\n<li><strong>2\u00e8me place :<\/strong> carte cadeau Bushtukah de 50 $ pour chaque membre de l&rsquo;\u00e9quipe (jusqu&rsquo;\u00e0 10 membres de l&rsquo;\u00e9quipe)<\/li>\n\n\n\n<li><strong>3e place :<\/strong> carte-cadeau Funhaven de 25 $ pour chaque membre de l&rsquo;\u00e9quipe (jusqu&rsquo;\u00e0 10 membres de l&rsquo;\u00e9quipe)<\/li>\n<\/ul>\n<\/div>\n<\/div>\n\n<div style=\"height:100px\" aria-hidden=\"true\" class=\"wp-block-spacer\"><\/div>\n\n<h3 class=\"wp-block-heading has-text-align-left pb-3\">Gagnants de la course chronom\u00e9tr\u00e9e<\/h3>\n\n<div class=\"wp-block-columns is-layout-flex wp-container-core-columns-is-layout-28f84493 wp-block-columns-is-layout-flex\">\n<div class=\"wp-block-column is-layout-flow wp-block-column-is-layout-flow\">\n<h4 class=\"wp-block-heading pb-3\">Coureurs du 10 km :<\/h4>\n\n\n\n<ul class=\"wp-block-list\">\n<li><strong>Hommes adultes : <\/strong>Premi\u00e8re place &#8211; Carte-cadeau <strong>Moxies<\/strong> d&rsquo;une valeur de 100 $ + inscription gratuite \u00e0 la Course pour les enfants RBC du CHEO 2026.<\/li>\n\n\n\n<li><strong>Femmes adultes :<\/strong> Premi\u00e8re place &#8211; Carte-cadeau <strong>Moxies<\/strong> d&rsquo;une valeur de 100 $ + inscription gratuite \u00e0 la Course pour les enfants RBC du CHEO 2026.<\/li>\n\n\n\n<li><strong>Jeunes :<\/strong> premi\u00e8re place &#8211; Carte-cadeau <strong>Funhaven<\/strong> d&rsquo;une valeur de 100 $ + inscription gratuite \u00e0 la Course pour les enfants RBC du CHEO 2026.<\/li>\n<\/ul>\n<\/div>\n\n\n\n<div class=\"wp-block-column is-layout-flow wp-block-column-is-layout-flow\">\n<h4 class=\"wp-block-heading pb-3\">Coureurs du 5 km :<\/h4>\n\n\n\n<ul class=\"wp-block-list\">\n<li><strong>Hommes adultes : <\/strong>Premi\u00e8re place &#8211; Carte-cadeau <strong>Moxies<\/strong> d&rsquo;une valeur de 100 $ + inscription gratuite \u00e0 la Course pour les enfants RBC du CHEO 2026.<\/li>\n\n\n\n<li><strong>Femmes adultes :<\/strong> Premi\u00e8re place &#8211; Carte-cadeau <strong>Moxies<\/strong> d&rsquo;une valeur de 100 $ + inscription gratuite \u00e0 la Course pour les enfants RBC du CHEO 2026.<\/li>\n\n\n\n<li><strong>Jeunes :<\/strong> premi\u00e8re place &#8211; Carte-cadeau <strong>Funhaven<\/strong> d&rsquo;une valeur de 100 $ + inscription gratuite \u00e0 la Course pour les enfants RBC du CHEO 2026.<\/li>\n<\/ul>\n<\/div>\n<\/div>\n\n<p><\/p>\n","protected":false},"excerpt":{"rendered":"<p>Prix Commencez votre collecte de fonds d\u00e8s aujourd\u2019hui pour courir la chance de gagner ces prix excitants! Chapeau de p\u00eache Niveau de prix: Inclus avec l\u2019inscription ! Ceinture de course Niveau de prix : 150 $ amass\u00e9s Le St. Louis Bar &amp; Grill du 1331 avenue Clyde offrira un coupon pour un repas gratuit \u00e0&#8230;<\/p>\n","protected":false},"author":6,"featured_media":1108,"parent":565,"menu_order":0,"comment_status":"closed","ping_status":"closed","template":"","meta":{"_eb_attr":"","footnotes":""},"class_list":["post-1113","page","type-page","status-publish","has-post-thumbnail","hentry"],"yoast_head":"<!-- This site is optimized with the Yoast SEO plugin v27.5 - https:\/\/yoast.com\/product\/yoast-seo-wordpress\/ -->\n<title>Prix | Course pour les enfants RBC<\/title>\n<meta name=\"robots\" content=\"index, follow, max-snippet:-1, max-image-preview:large, max-video-preview:-1\" \/>\n<link rel=\"canonical\" href=\"https:\/\/r4tk.cheofoundation.com\/fr\/amasser-des-fonds\/prix\/\" \/>\n<meta property=\"og:locale\" content=\"fr_FR\" \/>\n<meta property=\"og:type\" content=\"article\" \/>\n<meta property=\"og:title\" content=\"Prix | Course pour les enfants RBC\" \/>\n<meta property=\"og:description\" content=\"Prix Commencez votre collecte de fonds d\u00e8s aujourd\u2019hui pour courir la chance de gagner ces prix excitants! Chapeau de p\u00eache Niveau de prix: Inclus avec l\u2019inscription ! Ceinture de course Niveau de prix : 150 $ amass\u00e9s Le St. Louis Bar &amp; Grill du 1331 avenue Clyde offrira un coupon pour un repas gratuit \u00e0...\" \/>\n<meta property=\"og:url\" content=\"https:\/\/r4tk.cheofoundation.com\/fr\/amasser-des-fonds\/prix\/\" \/>\n<meta property=\"og:site_name\" content=\"Course pour les enfants RBC\" \/>\n<meta property=\"article:publisher\" content=\"https:\/\/www.facebook.com\/CHEOkids\/\" \/>\n<meta property=\"article:modified_time\" content=\"2025-09-26T18:43:22+00:00\" \/>\n<meta property=\"og:image\" content=\"https:\/\/r4tk.cheofoundation.com\/wp-content\/uploads\/sites\/4\/2025\/08\/RBC_RFTK_2024.jpg\" \/>\n\t<meta property=\"og:image:width\" content=\"1200\" \/>\n\t<meta property=\"og:image:height\" content=\"800\" \/>\n\t<meta property=\"og:image:type\" content=\"image\/jpeg\" \/>\n<meta name=\"twitter:card\" content=\"summary_large_image\" \/>\n<meta name=\"twitter:label1\" content=\"Est. reading time\" \/>\n\t<meta name=\"twitter:data1\" content=\"4 minutes\" \/>\n<script type=\"application\/ld+json\" class=\"yoast-schema-graph\">{\"@context\":\"https:\\\/\\\/schema.org\",\"@graph\":[{\"@type\":\"WebPage\",\"@id\":\"https:\\\/\\\/r4tk.cheofoundation.com\\\/fr\\\/amasser-des-fonds\\\/prix\\\/\",\"url\":\"https:\\\/\\\/r4tk.cheofoundation.com\\\/fr\\\/amasser-des-fonds\\\/prix\\\/\",\"name\":\"Prix | Course pour les enfants RBC\",\"isPartOf\":{\"@id\":\"https:\\\/\\\/r4tk.cheofoundation.com\\\/fr\\\/#website\"},\"primaryImageOfPage\":{\"@id\":\"https:\\\/\\\/r4tk.cheofoundation.com\\\/fr\\\/amasser-des-fonds\\\/prix\\\/#primaryimage\"},\"image\":{\"@id\":\"https:\\\/\\\/r4tk.cheofoundation.com\\\/fr\\\/amasser-des-fonds\\\/prix\\\/#primaryimage\"},\"thumbnailUrl\":\"https:\\\/\\\/r4tk.cheofoundation.com\\\/wp-content\\\/uploads\\\/sites\\\/4\\\/2025\\\/08\\\/RBC_RFTK_2024.jpg\",\"datePublished\":\"2025-08-14T20:59:33+00:00\",\"dateModified\":\"2025-09-26T18:43:22+00:00\",\"breadcrumb\":{\"@id\":\"https:\\\/\\\/r4tk.cheofoundation.com\\\/fr\\\/amasser-des-fonds\\\/prix\\\/#breadcrumb\"},\"inLanguage\":\"fr-FR\",\"potentialAction\":[{\"@type\":\"ReadAction\",\"target\":[\"https:\\\/\\\/r4tk.cheofoundation.com\\\/fr\\\/amasser-des-fonds\\\/prix\\\/\"]}]},{\"@type\":\"ImageObject\",\"inLanguage\":\"fr-FR\",\"@id\":\"https:\\\/\\\/r4tk.cheofoundation.com\\\/fr\\\/amasser-des-fonds\\\/prix\\\/#primaryimage\",\"url\":\"https:\\\/\\\/r4tk.cheofoundation.com\\\/wp-content\\\/uploads\\\/sites\\\/4\\\/2025\\\/08\\\/RBC_RFTK_2024.jpg\",\"contentUrl\":\"https:\\\/\\\/r4tk.cheofoundation.com\\\/wp-content\\\/uploads\\\/sites\\\/4\\\/2025\\\/08\\\/RBC_RFTK_2024.jpg\",\"width\":1200,\"height\":800,\"caption\":\"Participants\"},{\"@type\":\"BreadcrumbList\",\"@id\":\"https:\\\/\\\/r4tk.cheofoundation.com\\\/fr\\\/amasser-des-fonds\\\/prix\\\/#breadcrumb\",\"itemListElement\":[{\"@type\":\"ListItem\",\"position\":1,\"name\":\"Home\",\"item\":\"https:\\\/\\\/r4tk.cheofoundation.com\\\/fr\\\/\"},{\"@type\":\"ListItem\",\"position\":2,\"name\":\"Amasser des fonds\",\"item\":\"https:\\\/\\\/r4tk.cheofoundation.com\\\/fr\\\/amasser-des-fonds\\\/\"},{\"@type\":\"ListItem\",\"position\":3,\"name\":\"Prix\"}]},{\"@type\":\"WebSite\",\"@id\":\"https:\\\/\\\/r4tk.cheofoundation.com\\\/fr\\\/#website\",\"url\":\"https:\\\/\\\/r4tk.cheofoundation.com\\\/fr\\\/\",\"name\":\"CHEO\u2019s RBC Race for the Kids\",\"description\":\"\",\"publisher\":{\"@id\":\"https:\\\/\\\/r4tk.cheofoundation.com\\\/fr\\\/#organization\"},\"potentialAction\":[{\"@type\":\"SearchAction\",\"target\":{\"@type\":\"EntryPoint\",\"urlTemplate\":\"https:\\\/\\\/r4tk.cheofoundation.com\\\/fr\\\/?s={search_term_string}\"},\"query-input\":{\"@type\":\"PropertyValueSpecification\",\"valueRequired\":true,\"valueName\":\"search_term_string\"}}],\"inLanguage\":\"fr-FR\"},{\"@type\":\"Organization\",\"@id\":\"https:\\\/\\\/r4tk.cheofoundation.com\\\/fr\\\/#organization\",\"name\":\"CHEO\u2019s RBC Race for the Kids\",\"url\":\"https:\\\/\\\/r4tk.cheofoundation.com\\\/fr\\\/\",\"logo\":{\"@type\":\"ImageObject\",\"inLanguage\":\"fr-FR\",\"@id\":\"https:\\\/\\\/r4tk.cheofoundation.com\\\/fr\\\/#\\\/schema\\\/logo\\\/image\\\/\",\"url\":\"https:\\\/\\\/r4tk.cheofoundation.com\\\/wp-content\\\/uploads\\\/sites\\\/4\\\/2025\\\/05\\\/logo-fr_1-1.png\",\"contentUrl\":\"https:\\\/\\\/r4tk.cheofoundation.com\\\/wp-content\\\/uploads\\\/sites\\\/4\\\/2025\\\/05\\\/logo-fr_1-1.png\",\"width\":373,\"height\":165,\"caption\":\"CHEO\u2019s RBC Race for the Kids\"},\"image\":{\"@id\":\"https:\\\/\\\/r4tk.cheofoundation.com\\\/fr\\\/#\\\/schema\\\/logo\\\/image\\\/\"},\"sameAs\":[\"https:\\\/\\\/www.facebook.com\\\/CHEOkids\\\/\",\"https:\\\/\\\/www.instagram.com\\\/cheohospital\\\/?hl=en\",\"https:\\\/\\\/www.youtube.com\\\/user\\\/CHEOvideos\",\"https:\\\/\\\/www.linkedin.com\\\/company\\\/cheo-ottawa\\\/\"]}]}<\/script>\n<!-- \/ Yoast SEO plugin. -->","yoast_head_json":{"title":"Prix | Course pour les enfants RBC","robots":{"index":"index","follow":"follow","max-snippet":"max-snippet:-1","max-image-preview":"max-image-preview:large","max-video-preview":"max-video-preview:-1"},"canonical":"https:\/\/r4tk.cheofoundation.com\/fr\/amasser-des-fonds\/prix\/","og_locale":"fr_FR","og_type":"article","og_title":"Prix | Course pour les enfants RBC","og_description":"Prix Commencez votre collecte de fonds d\u00e8s aujourd\u2019hui pour courir la chance de gagner ces prix excitants! Chapeau de p\u00eache Niveau de prix: Inclus avec l\u2019inscription ! Ceinture de course Niveau de prix : 150 $ amass\u00e9s Le St. Louis Bar &amp; Grill du 1331 avenue Clyde offrira un coupon pour un repas gratuit \u00e0...","og_url":"https:\/\/r4tk.cheofoundation.com\/fr\/amasser-des-fonds\/prix\/","og_site_name":"Course pour les enfants RBC","article_publisher":"https:\/\/www.facebook.com\/CHEOkids\/","article_modified_time":"2025-09-26T18:43:22+00:00","og_image":[{"width":1200,"height":800,"url":"https:\/\/r4tk.cheofoundation.com\/wp-content\/uploads\/sites\/4\/2025\/08\/RBC_RFTK_2024.jpg","type":"image\/jpeg"}],"twitter_card":"summary_large_image","twitter_misc":{"Est. reading time":"4 minutes"},"schema":{"@context":"https:\/\/schema.org","@graph":[{"@type":"WebPage","@id":"https:\/\/r4tk.cheofoundation.com\/fr\/amasser-des-fonds\/prix\/","url":"https:\/\/r4tk.cheofoundation.com\/fr\/amasser-des-fonds\/prix\/","name":"Prix | Course pour les enfants RBC","isPartOf":{"@id":"https:\/\/r4tk.cheofoundation.com\/fr\/#website"},"primaryImageOfPage":{"@id":"https:\/\/r4tk.cheofoundation.com\/fr\/amasser-des-fonds\/prix\/#primaryimage"},"image":{"@id":"https:\/\/r4tk.cheofoundation.com\/fr\/amasser-des-fonds\/prix\/#primaryimage"},"thumbnailUrl":"https:\/\/r4tk.cheofoundation.com\/wp-content\/uploads\/sites\/4\/2025\/08\/RBC_RFTK_2024.jpg","datePublished":"2025-08-14T20:59:33+00:00","dateModified":"2025-09-26T18:43:22+00:00","breadcrumb":{"@id":"https:\/\/r4tk.cheofoundation.com\/fr\/amasser-des-fonds\/prix\/#breadcrumb"},"inLanguage":"fr-FR","potentialAction":[{"@type":"ReadAction","target":["https:\/\/r4tk.cheofoundation.com\/fr\/amasser-des-fonds\/prix\/"]}]},{"@type":"ImageObject","inLanguage":"fr-FR","@id":"https:\/\/r4tk.cheofoundation.com\/fr\/amasser-des-fonds\/prix\/#primaryimage","url":"https:\/\/r4tk.cheofoundation.com\/wp-content\/uploads\/sites\/4\/2025\/08\/RBC_RFTK_2024.jpg","contentUrl":"https:\/\/r4tk.cheofoundation.com\/wp-content\/uploads\/sites\/4\/2025\/08\/RBC_RFTK_2024.jpg","width":1200,"height":800,"caption":"Participants"},{"@type":"BreadcrumbList","@id":"https:\/\/r4tk.cheofoundation.com\/fr\/amasser-des-fonds\/prix\/#breadcrumb","itemListElement":[{"@type":"ListItem","position":1,"name":"Home","item":"https:\/\/r4tk.cheofoundation.com\/fr\/"},{"@type":"ListItem","position":2,"name":"Amasser des fonds","item":"https:\/\/r4tk.cheofoundation.com\/fr\/amasser-des-fonds\/"},{"@type":"ListItem","position":3,"name":"Prix"}]},{"@type":"WebSite","@id":"https:\/\/r4tk.cheofoundation.com\/fr\/#website","url":"https:\/\/r4tk.cheofoundation.com\/fr\/","name":"CHEO\u2019s RBC Race for the Kids","description":"","publisher":{"@id":"https:\/\/r4tk.cheofoundation.com\/fr\/#organization"},"potentialAction":[{"@type":"SearchAction","target":{"@type":"EntryPoint","urlTemplate":"https:\/\/r4tk.cheofoundation.com\/fr\/?s={search_term_string}"},"query-input":{"@type":"PropertyValueSpecification","valueRequired":true,"valueName":"search_term_string"}}],"inLanguage":"fr-FR"},{"@type":"Organization","@id":"https:\/\/r4tk.cheofoundation.com\/fr\/#organization","name":"CHEO\u2019s RBC Race for the Kids","url":"https:\/\/r4tk.cheofoundation.com\/fr\/","logo":{"@type":"ImageObject","inLanguage":"fr-FR","@id":"https:\/\/r4tk.cheofoundation.com\/fr\/#\/schema\/logo\/image\/","url":"https:\/\/r4tk.cheofoundation.com\/wp-content\/uploads\/sites\/4\/2025\/05\/logo-fr_1-1.png","contentUrl":"https:\/\/r4tk.cheofoundation.com\/wp-content\/uploads\/sites\/4\/2025\/05\/logo-fr_1-1.png","width":373,"height":165,"caption":"CHEO\u2019s RBC Race for the Kids"},"image":{"@id":"https:\/\/r4tk.cheofoundation.com\/fr\/#\/schema\/logo\/image\/"},"sameAs":["https:\/\/www.facebook.com\/CHEOkids\/","https:\/\/www.instagram.com\/cheohospital\/?hl=en","https:\/\/www.youtube.com\/user\/CHEOvideos","https:\/\/www.linkedin.com\/company\/cheo-ottawa\/"]}]}},"_links":{"self":[{"href":"https:\/\/r4tk.cheofoundation.com\/fr\/wp-json\/wp\/v2\/pages\/1113","targetHints":{"allow":["GET"]}}],"collection":[{"href":"https:\/\/r4tk.cheofoundation.com\/fr\/wp-json\/wp\/v2\/pages"}],"about":[{"href":"https:\/\/r4tk.cheofoundation.com\/fr\/wp-json\/wp\/v2\/types\/page"}],"author":[{"embeddable":true,"href":"https:\/\/r4tk.cheofoundation.com\/fr\/wp-json\/wp\/v2\/users\/6"}],"replies":[{"embeddable":true,"href":"https:\/\/r4tk.cheofoundation.com\/fr\/wp-json\/wp\/v2\/comments?post=1113"}],"version-history":[{"count":0,"href":"https:\/\/r4tk.cheofoundation.com\/fr\/wp-json\/wp\/v2\/pages\/1113\/revisions"}],"up":[{"embeddable":true,"href":"https:\/\/r4tk.cheofoundation.com\/fr\/wp-json\/wp\/v2\/pages\/565"}],"wp:featuredmedia":[{"embeddable":true,"href":"https:\/\/r4tk.cheofoundation.com\/fr\/wp-json\/wp\/v2\/media\/1108"}],"wp:attachment":[{"href":"https:\/\/r4tk.cheofoundation.com\/fr\/wp-json\/wp\/v2\/media?parent=1113"}],"curies":[{"name":"wp","href":"https:\/\/api.w.org\/{rel}","templated":true}]}}