{"id":563,"date":"2025-03-27T15:37:56","date_gmt":"2025-03-27T15:37:56","guid":{"rendered":"https:\/\/r4tk.cheofoundation.com\/levenement\/itineraires-de-course\/"},"modified":"2025-06-24T18:19:31","modified_gmt":"2025-06-24T18:19:31","slug":"itineraires","status":"publish","type":"page","link":"https:\/\/r4tk.cheofoundation.com\/fr\/evenement\/itineraires\/","title":{"rendered":"Itin\u00e9raires de course"},"content":{"rendered":"\n<div style=\"height:130px\" aria-hidden=\"true\" class=\"wp-block-spacer adjust-xxl\"><\/div>\n\n\n\n<div style=\"height:40px\" aria-hidden=\"true\" class=\"wp-block-spacer adjust-sm\"><\/div>\n\n\n\n<div class=\"wp-block-columns alignfull ribbon ribbon-white is-layout-flex wp-container-core-columns-is-layout-28f84493 wp-block-columns-is-layout-flex\">\n<div class=\"wp-block-column is-layout-flow wp-block-column-is-layout-flow\"><\/div>\n<\/div>\n\n\n\n<div style=\"height:20px\" aria-hidden=\"true\" class=\"wp-block-spacer adjust-xs\"><\/div>\n\n\n\n<h2 class=\"wp-block-heading has-text-align-center\" style=\"padding-bottom:0\">Participer, c\u2019est facile!<\/h2>\n\n<div class=\"wp-block-group custom-row-wrapper cols-3 is-layout-constrained wp-block-group-is-layout-constrained\" style=\"margin-top:0;margin-bottom:0\">\n<div class=\"wp-block-columns cards circle-ribbon-cards is-layout-flex wp-container-core-columns-is-layout-28f84493 wp-block-columns-is-layout-flex\">\n<div class=\"wp-block-column is-vertically-aligned-stretch is-layout-constrained wp-container-core-column-is-layout-92b9201d wp-block-column-is-layout-constrained\">\n<div class=\"wp-block-cover is-light circle-ribbon\" style=\"min-height:50px;aspect-ratio:unset;\"><span aria-hidden=\"true\" class=\"wp-block-cover__background has-background-dim-0 has-background-dim\"><\/span><img loading=\"lazy\" decoding=\"async\" width=\"315\" height=\"286\" class=\"wp-block-cover__image-background wp-image-659\" alt=\"\" src=\"https:\/\/r4tk.cheofoundation.com\/wp-content\/uploads\/sites\/4\/2025\/05\/blue-yellow-blob-cropped.png\" data-object-fit=\"cover\" srcset=\"https:\/\/r4tk.cheofoundation.com\/wp-content\/uploads\/sites\/4\/2025\/05\/blue-yellow-blob-cropped.png 315w, https:\/\/r4tk.cheofoundation.com\/wp-content\/uploads\/sites\/4\/2025\/05\/blue-yellow-blob-cropped-300x272.png 300w\" sizes=\"auto, (max-width: 315px) 100vw, 315px\" \/><div class=\"wp-block-cover__inner-container is-layout-constrained wp-block-cover-is-layout-constrained\">\n<figure class=\"wp-block-image size-full\"><img loading=\"lazy\" decoding=\"async\" width=\"400\" height=\"400\" src=\"https:\/\/r4tk.cheofoundation.com\/wp-content\/uploads\/sites\/4\/2025\/04\/register-e1745424756916.jpg\" alt=\"\" class=\"wp-image-409\" srcset=\"https:\/\/r4tk.cheofoundation.com\/wp-content\/uploads\/sites\/4\/2025\/04\/register-e1745424756916.jpg 400w, https:\/\/r4tk.cheofoundation.com\/wp-content\/uploads\/sites\/4\/2025\/04\/register-e1745424756916-300x300.jpg 300w, https:\/\/r4tk.cheofoundation.com\/wp-content\/uploads\/sites\/4\/2025\/04\/register-e1745424756916-150x150.jpg 150w\" sizes=\"auto, (max-width: 400px) 100vw, 400px\" \/><\/figure>\n<\/div><\/div>\n\n\n\n<div class=\"wp-block-cover is-light cover-content\" style=\"min-height:50px;aspect-ratio:unset;\"><span aria-hidden=\"true\" class=\"wp-block-cover__background has-cream-background-color has-background-dim-100 has-background-dim\"><\/span><div class=\"wp-block-cover__inner-container is-layout-constrained wp-block-cover-is-layout-constrained\">\n<div class=\"wp-block-group is-layout-constrained wp-block-group-is-layout-constrained\">\n<h3 class=\"wp-block-heading has-text-align-center has-purple-color has-text-color has-link-color wp-elements-655aab113bab8908b86aa331dc09193c\">Inscription<\/h3>\n\n\n\n<p class=\"has-text-align-center has-black-color has-text-color has-link-color wp-elements-3b31502d7274fba2f70d4805ed066eaa\">Rassemblez vos amis, votre famille et\/ou vos coll\u00e8gues.<\/p>\n<\/div>\n\n\n\n<div class=\"wp-block-buttons is-content-justification-center is-layout-flex wp-container-core-buttons-is-layout-a89b3969 wp-block-buttons-is-layout-flex\">\n<div class=\"wp-block-button\"><a class=\"wp-block-button__link has-purple-color has-text-color has-link-color has-text-align-center wp-element-button\" href=\"https:\/\/cheofoundation.donordrive.com\/?fuseaction=register.start&amp;eventID=811&amp;language=fr\">Cr\u00e9ez votre \u00e9quipe <\/a><\/div>\n<\/div>\n<\/div><\/div>\n<\/div>\n\n\n\n<div class=\"wp-block-column is-vertically-aligned-stretch is-layout-constrained wp-container-core-column-is-layout-92b9201d wp-block-column-is-layout-constrained\">\n<div class=\"wp-block-cover is-light circle-ribbon\" style=\"min-height:50px;aspect-ratio:unset;\"><span aria-hidden=\"true\" class=\"wp-block-cover__background has-background-dim-0 has-background-dim\"><\/span><img loading=\"lazy\" decoding=\"async\" width=\"315\" height=\"286\" class=\"wp-block-cover__image-background wp-image-659\" alt=\"\" src=\"https:\/\/r4tk.cheofoundation.com\/wp-content\/uploads\/sites\/4\/2025\/05\/blue-yellow-blob-cropped.png\" data-object-fit=\"cover\" srcset=\"https:\/\/r4tk.cheofoundation.com\/wp-content\/uploads\/sites\/4\/2025\/05\/blue-yellow-blob-cropped.png 315w, https:\/\/r4tk.cheofoundation.com\/wp-content\/uploads\/sites\/4\/2025\/05\/blue-yellow-blob-cropped-300x272.png 300w\" sizes=\"auto, (max-width: 315px) 100vw, 315px\" \/><div class=\"wp-block-cover__inner-container is-layout-constrained wp-block-cover-is-layout-constrained\">\n<figure class=\"wp-block-image size-full\"><img loading=\"lazy\" decoding=\"async\" width=\"400\" height=\"400\" src=\"https:\/\/r4tk.cheofoundation.com\/wp-content\/uploads\/sites\/4\/2025\/05\/participate-cropped.jpg\" alt=\"\" class=\"wp-image-661\" srcset=\"https:\/\/r4tk.cheofoundation.com\/wp-content\/uploads\/sites\/4\/2025\/05\/participate-cropped.jpg 400w, https:\/\/r4tk.cheofoundation.com\/wp-content\/uploads\/sites\/4\/2025\/05\/participate-cropped-300x300.jpg 300w, https:\/\/r4tk.cheofoundation.com\/wp-content\/uploads\/sites\/4\/2025\/05\/participate-cropped-150x150.jpg 150w\" sizes=\"auto, (max-width: 400px) 100vw, 400px\" \/><\/figure>\n<\/div><\/div>\n\n\n\n<div class=\"wp-block-cover is-light cover-content\" style=\"min-height:50px;aspect-ratio:unset;\"><span aria-hidden=\"true\" class=\"wp-block-cover__background has-cream-background-color has-background-dim-100 has-background-dim\"><\/span><div class=\"wp-block-cover__inner-container is-layout-constrained wp-block-cover-is-layout-constrained\">\n<div class=\"wp-block-group is-layout-constrained wp-block-group-is-layout-constrained\">\n<h3 class=\"wp-block-heading has-text-align-center has-purple-color has-text-color has-link-color wp-elements-d9132eb0d3b44050e8115a8f0a82a52a\">Amasser des fonds<\/h3>\n\n\n\n<p class=\"has-text-align-center has-black-color has-text-color has-link-color wp-elements-81e71f78a52e116d824026ad9642ef9a\">Aidez \u00e0 am\u00e9liorer la sant\u00e9 des enfants, des adolescents et des familles au CHEO.<\/p>\n<\/div>\n\n\n\n<div class=\"wp-block-buttons is-content-justification-center is-layout-flex wp-container-core-buttons-is-layout-a89b3969 wp-block-buttons-is-layout-flex\">\n<div class=\"wp-block-button\"><a class=\"wp-block-button__link has-purple-color has-text-color has-link-color has-text-align-center wp-element-button\" href=\"https:\/\/r4tk.cheofoundation.com\/fr\/amasser-des-fonds\/\">En savoir davantage<\/a><\/div>\n<\/div>\n<\/div><\/div>\n<\/div>\n\n\n\n<div class=\"wp-block-column is-vertically-aligned-stretch is-layout-constrained wp-container-core-column-is-layout-92b9201d wp-block-column-is-layout-constrained\">\n<div class=\"wp-block-cover is-light circle-ribbon\" style=\"min-height:50px;aspect-ratio:unset;\"><span aria-hidden=\"true\" class=\"wp-block-cover__background has-background-dim-0 has-background-dim\"><\/span><img loading=\"lazy\" decoding=\"async\" width=\"315\" height=\"286\" class=\"wp-block-cover__image-background wp-image-659\" alt=\"\" src=\"https:\/\/r4tk.cheofoundation.com\/wp-content\/uploads\/sites\/4\/2025\/05\/blue-yellow-blob-cropped.png\" data-object-fit=\"cover\" srcset=\"https:\/\/r4tk.cheofoundation.com\/wp-content\/uploads\/sites\/4\/2025\/05\/blue-yellow-blob-cropped.png 315w, https:\/\/r4tk.cheofoundation.com\/wp-content\/uploads\/sites\/4\/2025\/05\/blue-yellow-blob-cropped-300x272.png 300w\" sizes=\"auto, (max-width: 315px) 100vw, 315px\" \/><div class=\"wp-block-cover__inner-container is-layout-constrained wp-block-cover-is-layout-constrained\">\n<figure class=\"wp-block-image size-full\"><img loading=\"lazy\" decoding=\"async\" width=\"400\" height=\"400\" src=\"https:\/\/r4tk.cheofoundation.com\/wp-content\/uploads\/sites\/4\/2025\/05\/participate2-cropped.jpg\" alt=\"\" class=\"wp-image-663\" srcset=\"https:\/\/r4tk.cheofoundation.com\/wp-content\/uploads\/sites\/4\/2025\/05\/participate2-cropped.jpg 400w, https:\/\/r4tk.cheofoundation.com\/wp-content\/uploads\/sites\/4\/2025\/05\/participate2-cropped-300x300.jpg 300w, https:\/\/r4tk.cheofoundation.com\/wp-content\/uploads\/sites\/4\/2025\/05\/participate2-cropped-150x150.jpg 150w\" sizes=\"auto, (max-width: 400px) 100vw, 400px\" \/><\/figure>\n<\/div><\/div>\n\n\n\n<div class=\"wp-block-cover is-light cover-content\" style=\"min-height:50px;aspect-ratio:unset;\"><span aria-hidden=\"true\" class=\"wp-block-cover__background has-cream-background-color has-background-dim-100 has-background-dim\"><\/span><div class=\"wp-block-cover__inner-container is-layout-constrained wp-block-cover-is-layout-constrained\">\n<div class=\"wp-block-group is-layout-constrained wp-block-group-is-layout-constrained\">\n<h3 class=\"wp-block-heading has-text-align-center has-purple-color has-text-color has-link-color wp-elements-641dce14258a4f6bba9829ba22ee2bd7\">Devenez b\u00e9n\u00e9vole<\/h3>\n\n\n\n<p class=\"has-text-align-center has-black-color has-text-color has-link-color wp-elements-264b7a6ceca5ac0e74a045e6a460d3b6\">Amusez-vous en sachant que vous aidez une grande cause.<\/p>\n<\/div>\n\n\n\n<div class=\"wp-block-buttons is-content-justification-center is-layout-flex wp-container-core-buttons-is-layout-a89b3969 wp-block-buttons-is-layout-flex\">\n<div class=\"wp-block-button\"><a class=\"wp-block-button__link has-purple-color has-text-color has-link-color has-text-align-center wp-element-button\" href=\"https:\/\/r4tk.cheofoundation.com\/fr\/benevole\/\">Voir les postes disponibles<\/a><\/div>\n<\/div>\n<\/div><\/div>\n<\/div>\n<\/div>\n<\/div>\n\n\n\n<p><\/p>\n","protected":false},"excerpt":{"rendered":"","protected":false},"author":1,"featured_media":1060,"parent":561,"menu_order":0,"comment_status":"closed","ping_status":"closed","template":"page-race-routes.php","meta":{"_eb_attr":"","footnotes":""},"class_list":["post-563","page","type-page","status-publish","has-post-thumbnail","hentry"],"yoast_head":"<!-- This site is optimized with the Yoast SEO plugin v27.6 - https:\/\/yoast.com\/product\/yoast-seo-wordpress\/ -->\n<title>Itin\u00e9raires de course | Course pour les enfants RBC<\/title>\n<meta name=\"description\" content=\"Explorez les parcours de la Course pour les enfants RBC du CHEO! Que ce soit pour le 10 km, le 5 km ou la course familiale de 2 km, trouvez votre parcours, les heures de d\u00e9part et tous les d\u00e9tails ici.\" \/>\n<meta name=\"robots\" content=\"index, follow, max-snippet:-1, max-image-preview:large, max-video-preview:-1\" \/>\n<link rel=\"canonical\" href=\"https:\/\/r4tk.cheofoundation.com\/fr\/evenement\/itineraires\/\" \/>\n<meta property=\"og:locale\" content=\"fr_FR\" \/>\n<meta property=\"og:type\" content=\"article\" \/>\n<meta property=\"og:title\" content=\"Itin\u00e9raires de course | Course pour les enfants RBC\" \/>\n<meta property=\"og:description\" content=\"Explorez les parcours de la Course pour les enfants RBC du CHEO! Que ce soit pour le 10 km, le 5 km ou la course familiale de 2 km, trouvez votre parcours, les heures de d\u00e9part et tous les d\u00e9tails ici.\" \/>\n<meta property=\"og:url\" content=\"https:\/\/r4tk.cheofoundation.com\/fr\/evenement\/itineraires\/\" \/>\n<meta property=\"og:site_name\" content=\"Course pour les enfants RBC\" \/>\n<meta property=\"article:publisher\" content=\"https:\/\/www.facebook.com\/CHEOkids\/\" \/>\n<meta property=\"article:modified_time\" content=\"2025-06-24T18:19:31+00:00\" \/>\n<meta property=\"og:image\" content=\"https:\/\/r4tk.cheofoundation.com\/wp-content\/uploads\/sites\/4\/2025\/06\/hero-event-1.jpg\" \/>\n\t<meta property=\"og:image:width\" content=\"900\" \/>\n\t<meta property=\"og:image:height\" content=\"676\" \/>\n\t<meta property=\"og:image:type\" content=\"image\/jpeg\" \/>\n<meta name=\"twitter:card\" content=\"summary_large_image\" \/>\n<meta name=\"twitter:label1\" content=\"Est. reading time\" \/>\n\t<meta name=\"twitter:data1\" content=\"1 minute\" \/>\n<script type=\"application\/ld+json\" class=\"yoast-schema-graph\">{\"@context\":\"https:\\\/\\\/schema.org\",\"@graph\":[{\"@type\":\"WebPage\",\"@id\":\"https:\\\/\\\/r4tk.cheofoundation.com\\\/fr\\\/evenement\\\/itineraires\\\/\",\"url\":\"https:\\\/\\\/r4tk.cheofoundation.com\\\/fr\\\/evenement\\\/itineraires\\\/\",\"name\":\"Itin\u00e9raires de course | Course pour les enfants RBC\",\"isPartOf\":{\"@id\":\"https:\\\/\\\/r4tk.cheofoundation.com\\\/fr\\\/#website\"},\"primaryImageOfPage\":{\"@id\":\"https:\\\/\\\/r4tk.cheofoundation.com\\\/fr\\\/evenement\\\/itineraires\\\/#primaryimage\"},\"image\":{\"@id\":\"https:\\\/\\\/r4tk.cheofoundation.com\\\/fr\\\/evenement\\\/itineraires\\\/#primaryimage\"},\"thumbnailUrl\":\"https:\\\/\\\/r4tk.cheofoundation.com\\\/wp-content\\\/uploads\\\/sites\\\/4\\\/2025\\\/06\\\/hero-event-1.jpg\",\"datePublished\":\"2025-03-27T15:37:56+00:00\",\"dateModified\":\"2025-06-24T18:19:31+00:00\",\"description\":\"Explorez les parcours de la Course pour les enfants RBC du CHEO! Que ce soit pour le 10 km, le 5 km ou la course familiale de 2 km, trouvez votre parcours, les heures de d\u00e9part et tous les d\u00e9tails ici.\",\"breadcrumb\":{\"@id\":\"https:\\\/\\\/r4tk.cheofoundation.com\\\/fr\\\/evenement\\\/itineraires\\\/#breadcrumb\"},\"inLanguage\":\"fr-FR\",\"potentialAction\":[{\"@type\":\"ReadAction\",\"target\":[\"https:\\\/\\\/r4tk.cheofoundation.com\\\/fr\\\/evenement\\\/itineraires\\\/\"]}]},{\"@type\":\"ImageObject\",\"inLanguage\":\"fr-FR\",\"@id\":\"https:\\\/\\\/r4tk.cheofoundation.com\\\/fr\\\/evenement\\\/itineraires\\\/#primaryimage\",\"url\":\"https:\\\/\\\/r4tk.cheofoundation.com\\\/wp-content\\\/uploads\\\/sites\\\/4\\\/2025\\\/06\\\/hero-event-1.jpg\",\"contentUrl\":\"https:\\\/\\\/r4tk.cheofoundation.com\\\/wp-content\\\/uploads\\\/sites\\\/4\\\/2025\\\/06\\\/hero-event-1.jpg\",\"width\":900,\"height\":676},{\"@type\":\"BreadcrumbList\",\"@id\":\"https:\\\/\\\/r4tk.cheofoundation.com\\\/fr\\\/evenement\\\/itineraires\\\/#breadcrumb\",\"itemListElement\":[{\"@type\":\"ListItem\",\"position\":1,\"name\":\"Home\",\"item\":\"https:\\\/\\\/r4tk.cheofoundation.com\\\/fr\\\/\"},{\"@type\":\"ListItem\",\"position\":2,\"name\":\"\u00c9v\u00e9nement\",\"item\":\"https:\\\/\\\/r4tk.cheofoundation.com\\\/fr\\\/evenement\\\/\"},{\"@type\":\"ListItem\",\"position\":3,\"name\":\"Itin\u00e9raires de course\"}]},{\"@type\":\"WebSite\",\"@id\":\"https:\\\/\\\/r4tk.cheofoundation.com\\\/fr\\\/#website\",\"url\":\"https:\\\/\\\/r4tk.cheofoundation.com\\\/fr\\\/\",\"name\":\"CHEO\u2019s RBC Race for the Kids\",\"description\":\"\",\"publisher\":{\"@id\":\"https:\\\/\\\/r4tk.cheofoundation.com\\\/fr\\\/#organization\"},\"potentialAction\":[{\"@type\":\"SearchAction\",\"target\":{\"@type\":\"EntryPoint\",\"urlTemplate\":\"https:\\\/\\\/r4tk.cheofoundation.com\\\/fr\\\/?s={search_term_string}\"},\"query-input\":{\"@type\":\"PropertyValueSpecification\",\"valueRequired\":true,\"valueName\":\"search_term_string\"}}],\"inLanguage\":\"fr-FR\"},{\"@type\":\"Organization\",\"@id\":\"https:\\\/\\\/r4tk.cheofoundation.com\\\/fr\\\/#organization\",\"name\":\"CHEO\u2019s RBC Race for the Kids\",\"url\":\"https:\\\/\\\/r4tk.cheofoundation.com\\\/fr\\\/\",\"logo\":{\"@type\":\"ImageObject\",\"inLanguage\":\"fr-FR\",\"@id\":\"https:\\\/\\\/r4tk.cheofoundation.com\\\/fr\\\/#\\\/schema\\\/logo\\\/image\\\/\",\"url\":\"https:\\\/\\\/r4tk.cheofoundation.com\\\/wp-content\\\/uploads\\\/sites\\\/4\\\/2025\\\/05\\\/logo-fr_1-1.png\",\"contentUrl\":\"https:\\\/\\\/r4tk.cheofoundation.com\\\/wp-content\\\/uploads\\\/sites\\\/4\\\/2025\\\/05\\\/logo-fr_1-1.png\",\"width\":373,\"height\":165,\"caption\":\"CHEO\u2019s RBC Race for the Kids\"},\"image\":{\"@id\":\"https:\\\/\\\/r4tk.cheofoundation.com\\\/fr\\\/#\\\/schema\\\/logo\\\/image\\\/\"},\"sameAs\":[\"https:\\\/\\\/www.facebook.com\\\/CHEOkids\\\/\",\"https:\\\/\\\/www.instagram.com\\\/cheohospital\\\/?hl=en\",\"https:\\\/\\\/www.youtube.com\\\/user\\\/CHEOvideos\",\"https:\\\/\\\/www.linkedin.com\\\/company\\\/cheo-ottawa\\\/\"]}]}<\/script>\n<!-- \/ Yoast SEO plugin. -->","yoast_head_json":{"title":"Itin\u00e9raires de course | Course pour les enfants RBC","description":"Explorez les parcours de la Course pour les enfants RBC du CHEO! Que ce soit pour le 10 km, le 5 km ou la course familiale de 2 km, trouvez votre parcours, les heures de d\u00e9part et tous les d\u00e9tails ici.","robots":{"index":"index","follow":"follow","max-snippet":"max-snippet:-1","max-image-preview":"max-image-preview:large","max-video-preview":"max-video-preview:-1"},"canonical":"https:\/\/r4tk.cheofoundation.com\/fr\/evenement\/itineraires\/","og_locale":"fr_FR","og_type":"article","og_title":"Itin\u00e9raires de course | Course pour les enfants RBC","og_description":"Explorez les parcours de la Course pour les enfants RBC du CHEO! Que ce soit pour le 10 km, le 5 km ou la course familiale de 2 km, trouvez votre parcours, les heures de d\u00e9part et tous les d\u00e9tails ici.","og_url":"https:\/\/r4tk.cheofoundation.com\/fr\/evenement\/itineraires\/","og_site_name":"Course pour les enfants RBC","article_publisher":"https:\/\/www.facebook.com\/CHEOkids\/","article_modified_time":"2025-06-24T18:19:31+00:00","og_image":[{"width":900,"height":676,"url":"https:\/\/r4tk.cheofoundation.com\/wp-content\/uploads\/sites\/4\/2025\/06\/hero-event-1.jpg","type":"image\/jpeg"}],"twitter_card":"summary_large_image","twitter_misc":{"Est. reading time":"1 minute"},"schema":{"@context":"https:\/\/schema.org","@graph":[{"@type":"WebPage","@id":"https:\/\/r4tk.cheofoundation.com\/fr\/evenement\/itineraires\/","url":"https:\/\/r4tk.cheofoundation.com\/fr\/evenement\/itineraires\/","name":"Itin\u00e9raires de course | Course pour les enfants RBC","isPartOf":{"@id":"https:\/\/r4tk.cheofoundation.com\/fr\/#website"},"primaryImageOfPage":{"@id":"https:\/\/r4tk.cheofoundation.com\/fr\/evenement\/itineraires\/#primaryimage"},"image":{"@id":"https:\/\/r4tk.cheofoundation.com\/fr\/evenement\/itineraires\/#primaryimage"},"thumbnailUrl":"https:\/\/r4tk.cheofoundation.com\/wp-content\/uploads\/sites\/4\/2025\/06\/hero-event-1.jpg","datePublished":"2025-03-27T15:37:56+00:00","dateModified":"2025-06-24T18:19:31+00:00","description":"Explorez les parcours de la Course pour les enfants RBC du CHEO! Que ce soit pour le 10 km, le 5 km ou la course familiale de 2 km, trouvez votre parcours, les heures de d\u00e9part et tous les d\u00e9tails ici.","breadcrumb":{"@id":"https:\/\/r4tk.cheofoundation.com\/fr\/evenement\/itineraires\/#breadcrumb"},"inLanguage":"fr-FR","potentialAction":[{"@type":"ReadAction","target":["https:\/\/r4tk.cheofoundation.com\/fr\/evenement\/itineraires\/"]}]},{"@type":"ImageObject","inLanguage":"fr-FR","@id":"https:\/\/r4tk.cheofoundation.com\/fr\/evenement\/itineraires\/#primaryimage","url":"https:\/\/r4tk.cheofoundation.com\/wp-content\/uploads\/sites\/4\/2025\/06\/hero-event-1.jpg","contentUrl":"https:\/\/r4tk.cheofoundation.com\/wp-content\/uploads\/sites\/4\/2025\/06\/hero-event-1.jpg","width":900,"height":676},{"@type":"BreadcrumbList","@id":"https:\/\/r4tk.cheofoundation.com\/fr\/evenement\/itineraires\/#breadcrumb","itemListElement":[{"@type":"ListItem","position":1,"name":"Home","item":"https:\/\/r4tk.cheofoundation.com\/fr\/"},{"@type":"ListItem","position":2,"name":"\u00c9v\u00e9nement","item":"https:\/\/r4tk.cheofoundation.com\/fr\/evenement\/"},{"@type":"ListItem","position":3,"name":"Itin\u00e9raires de course"}]},{"@type":"WebSite","@id":"https:\/\/r4tk.cheofoundation.com\/fr\/#website","url":"https:\/\/r4tk.cheofoundation.com\/fr\/","name":"CHEO\u2019s RBC Race for the Kids","description":"","publisher":{"@id":"https:\/\/r4tk.cheofoundation.com\/fr\/#organization"},"potentialAction":[{"@type":"SearchAction","target":{"@type":"EntryPoint","urlTemplate":"https:\/\/r4tk.cheofoundation.com\/fr\/?s={search_term_string}"},"query-input":{"@type":"PropertyValueSpecification","valueRequired":true,"valueName":"search_term_string"}}],"inLanguage":"fr-FR"},{"@type":"Organization","@id":"https:\/\/r4tk.cheofoundation.com\/fr\/#organization","name":"CHEO\u2019s RBC Race for the Kids","url":"https:\/\/r4tk.cheofoundation.com\/fr\/","logo":{"@type":"ImageObject","inLanguage":"fr-FR","@id":"https:\/\/r4tk.cheofoundation.com\/fr\/#\/schema\/logo\/image\/","url":"https:\/\/r4tk.cheofoundation.com\/wp-content\/uploads\/sites\/4\/2025\/05\/logo-fr_1-1.png","contentUrl":"https:\/\/r4tk.cheofoundation.com\/wp-content\/uploads\/sites\/4\/2025\/05\/logo-fr_1-1.png","width":373,"height":165,"caption":"CHEO\u2019s RBC Race for the Kids"},"image":{"@id":"https:\/\/r4tk.cheofoundation.com\/fr\/#\/schema\/logo\/image\/"},"sameAs":["https:\/\/www.facebook.com\/CHEOkids\/","https:\/\/www.instagram.com\/cheohospital\/?hl=en","https:\/\/www.youtube.com\/user\/CHEOvideos","https:\/\/www.linkedin.com\/company\/cheo-ottawa\/"]}]}},"_links":{"self":[{"href":"https:\/\/r4tk.cheofoundation.com\/fr\/wp-json\/wp\/v2\/pages\/563","targetHints":{"allow":["GET"]}}],"collection":[{"href":"https:\/\/r4tk.cheofoundation.com\/fr\/wp-json\/wp\/v2\/pages"}],"about":[{"href":"https:\/\/r4tk.cheofoundation.com\/fr\/wp-json\/wp\/v2\/types\/page"}],"author":[{"embeddable":true,"href":"https:\/\/r4tk.cheofoundation.com\/fr\/wp-json\/wp\/v2\/users\/1"}],"replies":[{"embeddable":true,"href":"https:\/\/r4tk.cheofoundation.com\/fr\/wp-json\/wp\/v2\/comments?post=563"}],"version-history":[{"count":0,"href":"https:\/\/r4tk.cheofoundation.com\/fr\/wp-json\/wp\/v2\/pages\/563\/revisions"}],"up":[{"embeddable":true,"href":"https:\/\/r4tk.cheofoundation.com\/fr\/wp-json\/wp\/v2\/pages\/561"}],"wp:featuredmedia":[{"embeddable":true,"href":"https:\/\/r4tk.cheofoundation.com\/fr\/wp-json\/wp\/v2\/media\/1060"}],"wp:attachment":[{"href":"https:\/\/r4tk.cheofoundation.com\/fr\/wp-json\/wp\/v2\/media?parent=563"}],"curies":[{"name":"wp","href":"https:\/\/api.w.org\/{rel}","templated":true}]}}