{"id":951,"date":"2025-03-27T15:40:30","date_gmt":"2025-03-27T15:40:30","guid":{"rendered":"https:\/\/r4tk.cheofoundation.com\/benevole\/"},"modified":"2025-09-22T16:28:57","modified_gmt":"2025-09-22T16:28:57","slug":"benevole","status":"publish","type":"page","link":"https:\/\/r4tk.cheofoundation.com\/fr\/benevole\/","title":{"rendered":"Devenez b\u00e9n\u00e9vole"},"content":{"rendered":"\n<h2 class=\"wp-block-heading has-text-align-center\">Devenez b\u00e9n\u00e9vole!<\/h2>\n\n<p class=\"has-text-align-center\">Si vous \u00eates enthousiaste, sociable et aimez cr\u00e9er des liens significatifs dans votre communaut\u00e9, nous serions ravis de vous compter parmi nous pour cet \u00e9v\u00e9nement amusant et porteur d\u2019impact !<\/p>\n\n<p class=\"has-text-align-center\">Nous recrutons actuellement des b\u00e9n\u00e9voles pour notre \u00e9v\u00e9nement &#8211; La course RBC pour les enfants du CHEO !<\/p>\n\n<h3 class=\"wp-block-heading\">\u00c0 savoir<\/h3>\n\n<ul class=\"wp-block-list\">\n<li>Nous avons 25 r\u00f4les \u00e0 combler, n\u00e9cessitant un peu plus de 250 b\u00e9n\u00e9voles<\/li>\n\n\n\n<li>Une formation en ligne est obligatoire avant votre premier quart de travail <\/li>\n<\/ul>\n\n<div style=\"height:30px\" aria-hidden=\"true\" class=\"wp-block-spacer adjust-xxl\"><\/div>\n\n<h3 class=\"wp-block-heading has-text-align-left\">Voici comment postuler pour un r\u00f4le ou une activit\u00e9 de b\u00e9n\u00e9volat :<\/h3>\n\n<p><strong>\u00c9tape 1 : <\/strong>Acc\u00e9dez \u00e0 la demande<\/p>\n\n<ul class=\"wp-block-list\">\n<li>Rendez-vous sur B<a href=\"https:\/\/app.betterimpact.com\/Volunteer\/Main\" target=\"_blank\" rel=\"noreferrer noopener\">etter Impact<\/a> et connectez-vous \u00e0 votre compte\/profil<\/li>\n\n\n\n<li>Cliquez sur l\u2019onglet \u00ab Occasions \u00bb pour voir les activit\u00e9s disponibles<\/li>\n<\/ul>\n\n<p><strong>\u00c9tape 2 :<\/strong> Parcourez les activit\u00e9s<\/p>\n\n<ul class=\"wp-block-list\">\n<li>Vue en liste : Consultez toutes les occasions disponibles sous forme de liste<\/li>\n\n\n\n<li>Choisissez une activit\u00e9<\/li>\n<\/ul>\n\n<p><strong>\u00c9tape 3 :<\/strong> Soumettez votre candidature<\/p>\n\n<ul class=\"wp-block-list\">\n<li>Une fois que vous cliquez sur \u00ab soumettre \u00bb, votre profil est li\u00e9 \u00e0 la Fondation du CHEO, et votre demande sera re\u00e7ue<\/li>\n\n\n\n<li>Remarque : Apr\u00e8s votre inscription \u00e0 un quart de travail, vous indiquez votre int\u00e9r\u00eat, mais vous n\u2019\u00eates pas encore officiellement inscrit. Les b\u00e9n\u00e9voles s\u00e9lectionn\u00e9s recevront un courriel de confirmation peu apr\u00e8s leur candidature. <\/li>\n<\/ul>\n\n<p>Si vous n&rsquo;avez pas de compte avec Better Impact, veuillez utiliser <a href=\"https:\/\/bttr.im\/9v0va\" target=\"_blank\" rel=\"noreferrer noopener\">ce lien<\/a> pour cr\u00e9er votre profil b\u00e9n\u00e9vole. C\u2019est rapide et facile. Assurez-vous de faire d\u00e9filer jusqu\u2019en bas de la page pour signer la d\u00e9charge de la Fondation CHEO \u2014 cette \u00e9tape est obligatoire avant de pouvoir commencer \u00e0 faire du b\u00e9n\u00e9volat.  <\/p>\n\n<p>Merci de soutenir le CHEO.<\/p>\n\n<div style=\"height:100px\" aria-hidden=\"true\" class=\"wp-block-spacer adjust-xxl\"><\/div>\n\n<h2 class=\"wp-block-heading has-text-align-center\">Postes disponibles<\/h2>\n\n<p class=\"has-text-align-center narrow-width\" style=\"padding-right:22rem;padding-left:22rem\">Inscrivez-vous par l\u2019entremise de notre plateforme, Better Impact, et participez \u00e0 un \u00e9v\u00e9nement extraordinaire qui appuie les enfants et les adolescents du CHEO<\/p>\n\n<div class=\"wp-block-buttons is-content-justification-center is-layout-flex wp-container-core-buttons-is-layout-a89b3969 wp-block-buttons-is-layout-flex\">\n<div class=\"wp-block-button\"><a class=\"wp-block-button__link wp-element-button\" href=\"https:\/\/bttr.im\/9v0va\" target=\"_blank\" rel=\"noreferrer noopener\">Inscrivez-vous<\/a><\/div>\n<\/div>\n\n<div style=\"height:100px\" aria-hidden=\"true\" class=\"wp-block-spacer adjust-xxl\"><\/div>\n\n<div class=\"wp-block-media-text is-stacked-on-mobile\"><figure class=\"wp-block-media-text__media\"><img decoding=\"async\" src=\"https:\/\/cncycle.cheofoundation.com\/wp-content\/uploads\/sites\/2\/2025\/02\/Volunteer-Prize-scaled-1.jpg\" alt=\"\" class=\"wp-image-947 size-full\"\/><\/figure><div class=\"wp-block-media-text__content\">\n<h2 class=\"wp-block-heading has-purple-color has-text-color has-link-color wp-elements-ea9bb4316522bd147a99f0b816a10114\">Tirage du prix pour les b\u00e9n\u00e9voles<\/h2>\n\n\n\n<p class=\"has-black-color has-text-color has-link-color wp-elements-0b0f3ec4959bcf4624c35765844c4cf5\">Vous pourriez gagner un prix pour votre b\u00e9n\u00e9volat! Remplissez un bulletin de participation \u00e0 la tente d&rsquo;inscription des b\u00e9n\u00e9voles. <\/p>\n\n\n\n<p>Cette ann\u00e9e, vous courrez la chance de gagner une montre Apple!<\/p>\n<\/div><\/div>\n\n<div style=\"height:70px\" aria-hidden=\"true\" class=\"wp-block-spacer adjust-xxl\"><\/div>\n\n<h2 class=\"wp-block-heading has-text-align-center\">En tant que b\u00e9n\u00e9vole, vous recevrez<\/h2>\n\n<div class=\"wp-block-group custom-row-wrapper cols-3 is-layout-constrained wp-block-group-is-layout-constrained\">\n<div class=\"wp-block-columns are-vertically-aligned-top icon-title is-layout-flex wp-container-core-columns-is-layout-28ef587d wp-block-columns-is-layout-flex\" style=\"margin-bottom:var(--wp--preset--spacing--lg)\">\n<div class=\"wp-block-column is-vertically-aligned-top is-layout-constrained wp-container-core-column-is-layout-87bb7064 wp-block-column-is-layout-constrained\" style=\"border-style:none;border-width:0px;padding-top:var(--wp--preset--spacing--sm);padding-right:var(--wp--preset--spacing--sm);padding-left:var(--wp--preset--spacing--sm)\">\n<figure class=\"wp-block-image aligncenter size-full\" style=\"margin-bottom:1rem\"><img decoding=\"async\" src=\"https:\/\/r4tk.cheofoundation.com\/wp-content\/uploads\/sites\/4\/2025\/03\/Rectangle-295.svg\" alt=\"\" class=\"wp-image-151\"\/><\/figure>\n\n\n\n<h3 class=\"wp-block-heading has-text-align-center\" style=\"padding-right:0rem;padding-left:0rem\">Orientation<\/h3>\n<\/div>\n\n\n\n<div class=\"wp-block-column is-vertically-aligned-top is-layout-constrained wp-container-core-column-is-layout-87bb7064 wp-block-column-is-layout-constrained\" style=\"border-style:none;border-width:0px;padding-top:var(--wp--preset--spacing--sm);padding-right:var(--wp--preset--spacing--sm);padding-left:var(--wp--preset--spacing--sm)\">\n<figure class=\"wp-block-image aligncenter size-full\" style=\"margin-bottom:1rem\"><img loading=\"lazy\" decoding=\"async\" width=\"100\" height=\"100\" src=\"https:\/\/r4tk.cheofoundation.com\/wp-content\/uploads\/sites\/4\/2025\/03\/running-1-3-2.png\" alt=\"\" class=\"wp-image-95\"\/><\/figure>\n\n\n\n<h3 class=\"wp-block-heading has-text-align-center\">Petit-d\u00e9jeuner, fruits, viennoiseries, boissons chaudes et froides<\/h3>\n<\/div>\n\n\n\n<div class=\"wp-block-column is-vertically-aligned-top is-layout-constrained wp-container-core-column-is-layout-87bb7064 wp-block-column-is-layout-constrained\" style=\"border-style:none;border-width:0px;padding-top:var(--wp--preset--spacing--sm);padding-right:var(--wp--preset--spacing--sm);padding-left:var(--wp--preset--spacing--sm)\">\n<figure class=\"wp-block-image aligncenter size-full\" style=\"margin-bottom:1rem\"><img decoding=\"async\" src=\"https:\/\/r4tk.cheofoundation.com\/wp-content\/uploads\/sites\/4\/2025\/03\/running-2-2.svg\" alt=\"\" class=\"wp-image-127\"\/><\/figure>\n\n\n\n<h3 class=\"wp-block-heading has-text-align-center\">T-shirt Course pour les enfants RBC du CHEO pour les b\u00e9n\u00e9voles<\/h3>\n<\/div>\n<\/div>\n\n\n\n<div class=\"wp-block-columns are-vertically-aligned-top icon-title is-layout-flex wp-container-core-columns-is-layout-28ef587d wp-block-columns-is-layout-flex\" style=\"margin-bottom:var(--wp--preset--spacing--lg)\">\n<div class=\"wp-block-column is-vertically-aligned-top is-layout-constrained wp-container-core-column-is-layout-87bb7064 wp-block-column-is-layout-constrained\" style=\"border-style:none;border-width:0px;padding-top:var(--wp--preset--spacing--sm);padding-right:var(--wp--preset--spacing--sm);padding-left:var(--wp--preset--spacing--sm)\">\n<figure class=\"wp-block-image aligncenter size-full\" style=\"margin-bottom:1rem\"><img decoding=\"async\" src=\"https:\/\/r4tk.cheofoundation.com\/wp-content\/uploads\/sites\/4\/2025\/03\/running-1-1-4.svg\" alt=\"\" class=\"wp-image-167\"\/><\/figure>\n\n\n\n<h3 class=\"wp-block-heading has-text-align-center\" style=\"padding-right:0rem;padding-left:0rem\">Poncho imperm\u00e9able <em>(disponible sur demande)<\/em><\/h3>\n<\/div>\n\n\n\n<div class=\"wp-block-column is-vertically-aligned-top is-layout-constrained wp-container-core-column-is-layout-87bb7064 wp-block-column-is-layout-constrained\" style=\"border-style:none;border-width:0px;padding-top:var(--wp--preset--spacing--sm);padding-right:var(--wp--preset--spacing--sm);padding-left:var(--wp--preset--spacing--sm)\">\n<figure class=\"wp-block-image aligncenter size-full\" style=\"margin-bottom:1rem\"><img decoding=\"async\" src=\"https:\/\/r4tk.cheofoundation.com\/wp-content\/uploads\/sites\/4\/2025\/03\/running-1-2-4.svg\" alt=\"\" class=\"wp-image-111\"\/><\/figure>\n\n\n\n<h3 class=\"wp-block-heading has-text-align-center\">Participation au tirage au sort r\u00e9serv\u00e9 aux b\u00e9n\u00e9voles<\/h3>\n<\/div>\n\n\n\n<div class=\"wp-block-column is-vertically-aligned-top is-layout-constrained wp-container-core-column-is-layout-87bb7064 wp-block-column-is-layout-constrained\" style=\"border-style:none;border-width:0px;padding-top:var(--wp--preset--spacing--sm);padding-right:var(--wp--preset--spacing--sm);padding-left:var(--wp--preset--spacing--sm)\">\n<figure class=\"wp-block-image aligncenter size-full\" style=\"margin-bottom:1rem\"><img decoding=\"async\" src=\"https:\/\/r4tk.cheofoundation.com\/wp-content\/uploads\/sites\/4\/2025\/03\/running-1-5-1.svg\" alt=\"\" class=\"wp-image-159\"\/><\/figure>\n\n\n\n<h3 class=\"wp-block-heading has-text-align-center\">Petit d\u00e9jeuner continental sous la tente des b\u00e9n\u00e9voles<\/h3>\n<\/div>\n<\/div>\n<\/div>\n\n<div style=\"height:100px\" aria-hidden=\"true\" class=\"wp-block-spacer adjust-sm\"><\/div>\n\n<div class=\"wp-block-cover alignfull contact-cta shadow\" style=\"border-top-left-radius:16px;border-top-right-radius:16px;border-bottom-left-radius:0px;border-bottom-right-radius:0px;min-height:50px;aspect-ratio:unset;\"><span aria-hidden=\"true\" class=\"wp-block-cover__background has-purple-background-color has-background-dim-100 has-background-dim\"><\/span><div class=\"wp-block-cover__inner-container is-layout-constrained wp-block-cover-is-layout-constrained\">\n<div class=\"wp-block-columns is-not-stacked-on-mobile is-layout-flex wp-container-core-columns-is-layout-28f84493 wp-block-columns-is-layout-flex\">\n<div class=\"wp-block-column is-vertically-aligned-center is-layout-flow wp-block-column-is-layout-flow\" style=\"flex-basis:60%\">\n<h2 class=\"wp-block-heading has-yellow-color has-text-color has-link-color wp-elements-37e417f8925e4afd8a6fe6f67c817ba5\">Si vous avez des questions:<\/h2>\n\n\n\n<p>Veuillez contacter Julie B\u00e9rub\u00e9, responsable des b\u00e9n\u00e9voles : <a href=\"mailto:jberube@cheofoundation.com\">jberube@cheofoundation.com<\/a><\/p>\n<\/div>\n\n\n\n<div class=\"wp-block-column is-vertically-aligned-center is-layout-flow wp-block-column-is-layout-flow\" style=\"flex-basis:15%\">\n<div class=\"wp-block-buttons is-content-justification-right is-layout-flex wp-container-core-buttons-is-layout-d445cf74 wp-block-buttons-is-layout-flex\">\n<div class=\"wp-block-button is-style-fill\"><a class=\"wp-block-button__link has-purple-background-color has-background wp-element-button\" href=\"mailto:jberube@cheofoundation.com\">Contact<\/a><\/div>\n<\/div>\n<\/div>\n\n\n\n<div class=\"wp-block-column is-vertically-aligned-bottom is-layout-flow wp-block-column-is-layout-flow\" style=\"flex-basis:25%\">\n<figure class=\"wp-block-image aligncenter size-full is-resized\"><img loading=\"lazy\" decoding=\"async\" width=\"322\" height=\"365\" src=\"https:\/\/r4tk.cheofoundation.com\/wp-content\/uploads\/sites\/4\/2025\/03\/CHEO-Bear-Cutout-03-2.png\" alt=\"\" class=\"wp-image-251\" style=\"width:179px;height:auto\" srcset=\"https:\/\/r4tk.cheofoundation.com\/wp-content\/uploads\/sites\/4\/2025\/03\/CHEO-Bear-Cutout-03-2.png 322w, https:\/\/r4tk.cheofoundation.com\/wp-content\/uploads\/sites\/4\/2025\/03\/CHEO-Bear-Cutout-03-2-265x300.png 265w\" sizes=\"auto, (max-width: 322px) 100vw, 322px\" \/><\/figure>\n<\/div>\n<\/div>\n<\/div><\/div>\n\n<div class=\"wp-block-cover aligncenter has-custom-content-position is-position-bottom-center alignfull image-text swoop-bottomright\" style=\"border-top-left-radius:0px;border-top-right-radius:0px;border-bottom-left-radius:0px;border-bottom-right-radius:220px;padding-top:var(--wp--preset--spacing--sm);padding-bottom:0px;min-height:50px;aspect-ratio:unset;\"><span aria-hidden=\"true\" class=\"wp-block-cover__background has-blue-background-color has-background-dim-100 has-background-dim\"><\/span><div class=\"wp-block-cover__inner-container is-layout-flow wp-block-cover-is-layout-flow\">\n<div class=\"wp-block-columns container-xxl is-layout-flex wp-container-core-columns-is-layout-28f84493 wp-block-columns-is-layout-flex\">\n<div class=\"wp-block-column is-vertically-aligned-center is-layout-flow wp-block-column-is-layout-flow\" style=\"flex-basis:60%\">\n<figure class=\"wp-block-image size-full\"><img loading=\"lazy\" decoding=\"async\" width=\"708\" height=\"516\" src=\"https:\/\/r4tk.cheofoundation.com\/wp-content\/uploads\/sites\/4\/2025\/03\/CHEO-RBC-Purple-Team-Cuout-01-1.png\" alt=\"\" class=\"wp-image-253\" srcset=\"https:\/\/r4tk.cheofoundation.com\/wp-content\/uploads\/sites\/4\/2025\/03\/CHEO-RBC-Purple-Team-Cuout-01-1.png 708w, https:\/\/r4tk.cheofoundation.com\/wp-content\/uploads\/sites\/4\/2025\/03\/CHEO-RBC-Purple-Team-Cuout-01-1-300x219.png 300w\" sizes=\"auto, (max-width: 708px) 100vw, 708px\" \/><\/figure>\n<\/div>\n\n\n\n<div class=\"wp-block-column is-vertically-aligned-center is-layout-flow wp-block-column-is-layout-flow\" style=\"padding-right:73px;padding-left:73px;flex-basis:40%\">\n<h2 class=\"wp-block-heading has-white-color has-text-color has-link-color wp-elements-f7cd6b7209f3a24ee5dd0a9802bb8bac\">Tirage du prix pour les b\u00e9n\u00e9voles<\/h2>\n\n\n\n<p class=\"has-white-color has-text-color has-link-color wp-elements-ec52186636f45fb53d68462d334345c9\">Vous pourriez gagner un prix pour votre b\u00e9n\u00e9volat! Remplissez un bulletin de participation \u00e0 la tente d&rsquo;inscription des b\u00e9n\u00e9voles. <\/p>\n<\/div>\n<\/div>\n<\/div><\/div>\n\n<div style=\"height:120px\" aria-hidden=\"true\" class=\"wp-block-spacer adjust-xxl\"><\/div>\n","protected":false},"excerpt":{"rendered":"<p>Devenez b\u00e9n\u00e9vole! Si vous \u00eates enthousiaste, sociable et aimez cr\u00e9er des liens significatifs dans votre communaut\u00e9, nous serions ravis de vous compter parmi nous pour cet \u00e9v\u00e9nement amusant et porteur d\u2019impact ! Nous recrutons actuellement des b\u00e9n\u00e9voles pour notre \u00e9v\u00e9nement &#8211; La course RBC pour les enfants du CHEO ! \u00c0 savoir Voici comment postuler&#8230;<\/p>\n","protected":false},"author":1,"featured_media":836,"parent":0,"menu_order":0,"comment_status":"closed","ping_status":"closed","template":"","meta":{"_eb_attr":"","footnotes":""},"class_list":["post-951","page","type-page","status-publish","has-post-thumbnail","hentry"],"yoast_head":"<!-- This site is optimized with the Yoast SEO plugin v27.5 - https:\/\/yoast.com\/product\/yoast-seo-wordpress\/ -->\n<title>Devenez b\u00e9n\u00e9vole | Course pour les enfants RBC<\/title>\n<meta name=\"description\" content=\"Participez \u00e0 la Course pour les enfants RBC du CHEO en tant que b\u00e9n\u00e9vole et contribuez \u00e0 transformer les soins p\u00e9diatriques. Profitez de collations, d&#039;un t-shirt et d&#039;une chance de gagner des prix!\" \/>\n<meta name=\"robots\" content=\"index, follow, max-snippet:-1, max-image-preview:large, max-video-preview:-1\" \/>\n<link rel=\"canonical\" href=\"https:\/\/r4tk.cheofoundation.com\/fr\/benevole\/\" \/>\n<meta property=\"og:locale\" content=\"fr_FR\" \/>\n<meta property=\"og:type\" content=\"article\" \/>\n<meta property=\"og:title\" content=\"Devenez b\u00e9n\u00e9vole | Course pour les enfants RBC\" \/>\n<meta property=\"og:description\" content=\"Participez \u00e0 la Course pour les enfants RBC du CHEO en tant que b\u00e9n\u00e9vole et contribuez \u00e0 transformer les soins p\u00e9diatriques. Profitez de collations, d&#039;un t-shirt et d&#039;une chance de gagner des prix!\" \/>\n<meta property=\"og:url\" content=\"https:\/\/r4tk.cheofoundation.com\/fr\/benevole\/\" \/>\n<meta property=\"og:site_name\" content=\"Course pour les enfants RBC\" \/>\n<meta property=\"article:publisher\" content=\"https:\/\/www.facebook.com\/CHEOkids\/\" \/>\n<meta property=\"article:modified_time\" content=\"2025-09-22T16:28:57+00:00\" \/>\n<meta property=\"og:image\" content=\"https:\/\/r4tk.cheofoundation.com\/wp-content\/uploads\/sites\/4\/2025\/06\/volunteer-featured2.jpg\" \/>\n\t<meta property=\"og:image:width\" content=\"1500\" \/>\n\t<meta property=\"og:image:height\" content=\"1001\" \/>\n\t<meta property=\"og:image:type\" content=\"image\/jpeg\" \/>\n<meta name=\"twitter:card\" content=\"summary_large_image\" \/>\n<meta name=\"twitter:label1\" content=\"Est. reading time\" \/>\n\t<meta name=\"twitter:data1\" content=\"4 minutes\" \/>\n<script type=\"application\/ld+json\" class=\"yoast-schema-graph\">{\"@context\":\"https:\\\/\\\/schema.org\",\"@graph\":[{\"@type\":\"WebPage\",\"@id\":\"https:\\\/\\\/r4tk.cheofoundation.com\\\/fr\\\/benevole\\\/\",\"url\":\"https:\\\/\\\/r4tk.cheofoundation.com\\\/fr\\\/benevole\\\/\",\"name\":\"Devenez b\u00e9n\u00e9vole | Course pour les enfants RBC\",\"isPartOf\":{\"@id\":\"https:\\\/\\\/r4tk.cheofoundation.com\\\/fr\\\/#website\"},\"primaryImageOfPage\":{\"@id\":\"https:\\\/\\\/r4tk.cheofoundation.com\\\/fr\\\/benevole\\\/#primaryimage\"},\"image\":{\"@id\":\"https:\\\/\\\/r4tk.cheofoundation.com\\\/fr\\\/benevole\\\/#primaryimage\"},\"thumbnailUrl\":\"https:\\\/\\\/r4tk.cheofoundation.com\\\/wp-content\\\/uploads\\\/sites\\\/4\\\/2025\\\/06\\\/volunteer-featured2.jpg\",\"datePublished\":\"2025-03-27T15:40:30+00:00\",\"dateModified\":\"2025-09-22T16:28:57+00:00\",\"description\":\"Participez \u00e0 la Course pour les enfants RBC du CHEO en tant que b\u00e9n\u00e9vole et contribuez \u00e0 transformer les soins p\u00e9diatriques. Profitez de collations, d'un t-shirt et d'une chance de gagner des prix!\",\"breadcrumb\":{\"@id\":\"https:\\\/\\\/r4tk.cheofoundation.com\\\/fr\\\/benevole\\\/#breadcrumb\"},\"inLanguage\":\"fr-FR\",\"potentialAction\":[{\"@type\":\"ReadAction\",\"target\":[\"https:\\\/\\\/r4tk.cheofoundation.com\\\/fr\\\/benevole\\\/\"]}]},{\"@type\":\"ImageObject\",\"inLanguage\":\"fr-FR\",\"@id\":\"https:\\\/\\\/r4tk.cheofoundation.com\\\/fr\\\/benevole\\\/#primaryimage\",\"url\":\"https:\\\/\\\/r4tk.cheofoundation.com\\\/wp-content\\\/uploads\\\/sites\\\/4\\\/2025\\\/06\\\/volunteer-featured2.jpg\",\"contentUrl\":\"https:\\\/\\\/r4tk.cheofoundation.com\\\/wp-content\\\/uploads\\\/sites\\\/4\\\/2025\\\/06\\\/volunteer-featured2.jpg\",\"width\":1500,\"height\":1001},{\"@type\":\"BreadcrumbList\",\"@id\":\"https:\\\/\\\/r4tk.cheofoundation.com\\\/fr\\\/benevole\\\/#breadcrumb\",\"itemListElement\":[{\"@type\":\"ListItem\",\"position\":1,\"name\":\"Home\",\"item\":\"https:\\\/\\\/r4tk.cheofoundation.com\\\/fr\\\/\"},{\"@type\":\"ListItem\",\"position\":2,\"name\":\"Devenez b\u00e9n\u00e9vole\"}]},{\"@type\":\"WebSite\",\"@id\":\"https:\\\/\\\/r4tk.cheofoundation.com\\\/fr\\\/#website\",\"url\":\"https:\\\/\\\/r4tk.cheofoundation.com\\\/fr\\\/\",\"name\":\"CHEO\u2019s RBC Race for the Kids\",\"description\":\"\",\"publisher\":{\"@id\":\"https:\\\/\\\/r4tk.cheofoundation.com\\\/fr\\\/#organization\"},\"potentialAction\":[{\"@type\":\"SearchAction\",\"target\":{\"@type\":\"EntryPoint\",\"urlTemplate\":\"https:\\\/\\\/r4tk.cheofoundation.com\\\/fr\\\/?s={search_term_string}\"},\"query-input\":{\"@type\":\"PropertyValueSpecification\",\"valueRequired\":true,\"valueName\":\"search_term_string\"}}],\"inLanguage\":\"fr-FR\"},{\"@type\":\"Organization\",\"@id\":\"https:\\\/\\\/r4tk.cheofoundation.com\\\/fr\\\/#organization\",\"name\":\"CHEO\u2019s RBC Race for the Kids\",\"url\":\"https:\\\/\\\/r4tk.cheofoundation.com\\\/fr\\\/\",\"logo\":{\"@type\":\"ImageObject\",\"inLanguage\":\"fr-FR\",\"@id\":\"https:\\\/\\\/r4tk.cheofoundation.com\\\/fr\\\/#\\\/schema\\\/logo\\\/image\\\/\",\"url\":\"https:\\\/\\\/r4tk.cheofoundation.com\\\/wp-content\\\/uploads\\\/sites\\\/4\\\/2025\\\/05\\\/logo-fr_1-1.png\",\"contentUrl\":\"https:\\\/\\\/r4tk.cheofoundation.com\\\/wp-content\\\/uploads\\\/sites\\\/4\\\/2025\\\/05\\\/logo-fr_1-1.png\",\"width\":373,\"height\":165,\"caption\":\"CHEO\u2019s RBC Race for the Kids\"},\"image\":{\"@id\":\"https:\\\/\\\/r4tk.cheofoundation.com\\\/fr\\\/#\\\/schema\\\/logo\\\/image\\\/\"},\"sameAs\":[\"https:\\\/\\\/www.facebook.com\\\/CHEOkids\\\/\",\"https:\\\/\\\/www.instagram.com\\\/cheohospital\\\/?hl=en\",\"https:\\\/\\\/www.youtube.com\\\/user\\\/CHEOvideos\",\"https:\\\/\\\/www.linkedin.com\\\/company\\\/cheo-ottawa\\\/\"]}]}<\/script>\n<!-- \/ Yoast SEO plugin. -->","yoast_head_json":{"title":"Devenez b\u00e9n\u00e9vole | Course pour les enfants RBC","description":"Participez \u00e0 la Course pour les enfants RBC du CHEO en tant que b\u00e9n\u00e9vole et contribuez \u00e0 transformer les soins p\u00e9diatriques. Profitez de collations, d'un t-shirt et d'une chance de gagner des prix!","robots":{"index":"index","follow":"follow","max-snippet":"max-snippet:-1","max-image-preview":"max-image-preview:large","max-video-preview":"max-video-preview:-1"},"canonical":"https:\/\/r4tk.cheofoundation.com\/fr\/benevole\/","og_locale":"fr_FR","og_type":"article","og_title":"Devenez b\u00e9n\u00e9vole | Course pour les enfants RBC","og_description":"Participez \u00e0 la Course pour les enfants RBC du CHEO en tant que b\u00e9n\u00e9vole et contribuez \u00e0 transformer les soins p\u00e9diatriques. Profitez de collations, d'un t-shirt et d'une chance de gagner des prix!","og_url":"https:\/\/r4tk.cheofoundation.com\/fr\/benevole\/","og_site_name":"Course pour les enfants RBC","article_publisher":"https:\/\/www.facebook.com\/CHEOkids\/","article_modified_time":"2025-09-22T16:28:57+00:00","og_image":[{"width":1500,"height":1001,"url":"https:\/\/r4tk.cheofoundation.com\/wp-content\/uploads\/sites\/4\/2025\/06\/volunteer-featured2.jpg","type":"image\/jpeg"}],"twitter_card":"summary_large_image","twitter_misc":{"Est. reading time":"4 minutes"},"schema":{"@context":"https:\/\/schema.org","@graph":[{"@type":"WebPage","@id":"https:\/\/r4tk.cheofoundation.com\/fr\/benevole\/","url":"https:\/\/r4tk.cheofoundation.com\/fr\/benevole\/","name":"Devenez b\u00e9n\u00e9vole | Course pour les enfants RBC","isPartOf":{"@id":"https:\/\/r4tk.cheofoundation.com\/fr\/#website"},"primaryImageOfPage":{"@id":"https:\/\/r4tk.cheofoundation.com\/fr\/benevole\/#primaryimage"},"image":{"@id":"https:\/\/r4tk.cheofoundation.com\/fr\/benevole\/#primaryimage"},"thumbnailUrl":"https:\/\/r4tk.cheofoundation.com\/wp-content\/uploads\/sites\/4\/2025\/06\/volunteer-featured2.jpg","datePublished":"2025-03-27T15:40:30+00:00","dateModified":"2025-09-22T16:28:57+00:00","description":"Participez \u00e0 la Course pour les enfants RBC du CHEO en tant que b\u00e9n\u00e9vole et contribuez \u00e0 transformer les soins p\u00e9diatriques. Profitez de collations, d'un t-shirt et d'une chance de gagner des prix!","breadcrumb":{"@id":"https:\/\/r4tk.cheofoundation.com\/fr\/benevole\/#breadcrumb"},"inLanguage":"fr-FR","potentialAction":[{"@type":"ReadAction","target":["https:\/\/r4tk.cheofoundation.com\/fr\/benevole\/"]}]},{"@type":"ImageObject","inLanguage":"fr-FR","@id":"https:\/\/r4tk.cheofoundation.com\/fr\/benevole\/#primaryimage","url":"https:\/\/r4tk.cheofoundation.com\/wp-content\/uploads\/sites\/4\/2025\/06\/volunteer-featured2.jpg","contentUrl":"https:\/\/r4tk.cheofoundation.com\/wp-content\/uploads\/sites\/4\/2025\/06\/volunteer-featured2.jpg","width":1500,"height":1001},{"@type":"BreadcrumbList","@id":"https:\/\/r4tk.cheofoundation.com\/fr\/benevole\/#breadcrumb","itemListElement":[{"@type":"ListItem","position":1,"name":"Home","item":"https:\/\/r4tk.cheofoundation.com\/fr\/"},{"@type":"ListItem","position":2,"name":"Devenez b\u00e9n\u00e9vole"}]},{"@type":"WebSite","@id":"https:\/\/r4tk.cheofoundation.com\/fr\/#website","url":"https:\/\/r4tk.cheofoundation.com\/fr\/","name":"CHEO\u2019s RBC Race for the Kids","description":"","publisher":{"@id":"https:\/\/r4tk.cheofoundation.com\/fr\/#organization"},"potentialAction":[{"@type":"SearchAction","target":{"@type":"EntryPoint","urlTemplate":"https:\/\/r4tk.cheofoundation.com\/fr\/?s={search_term_string}"},"query-input":{"@type":"PropertyValueSpecification","valueRequired":true,"valueName":"search_term_string"}}],"inLanguage":"fr-FR"},{"@type":"Organization","@id":"https:\/\/r4tk.cheofoundation.com\/fr\/#organization","name":"CHEO\u2019s RBC Race for the Kids","url":"https:\/\/r4tk.cheofoundation.com\/fr\/","logo":{"@type":"ImageObject","inLanguage":"fr-FR","@id":"https:\/\/r4tk.cheofoundation.com\/fr\/#\/schema\/logo\/image\/","url":"https:\/\/r4tk.cheofoundation.com\/wp-content\/uploads\/sites\/4\/2025\/05\/logo-fr_1-1.png","contentUrl":"https:\/\/r4tk.cheofoundation.com\/wp-content\/uploads\/sites\/4\/2025\/05\/logo-fr_1-1.png","width":373,"height":165,"caption":"CHEO\u2019s RBC Race for the Kids"},"image":{"@id":"https:\/\/r4tk.cheofoundation.com\/fr\/#\/schema\/logo\/image\/"},"sameAs":["https:\/\/www.facebook.com\/CHEOkids\/","https:\/\/www.instagram.com\/cheohospital\/?hl=en","https:\/\/www.youtube.com\/user\/CHEOvideos","https:\/\/www.linkedin.com\/company\/cheo-ottawa\/"]}]}},"_links":{"self":[{"href":"https:\/\/r4tk.cheofoundation.com\/fr\/wp-json\/wp\/v2\/pages\/951","targetHints":{"allow":["GET"]}}],"collection":[{"href":"https:\/\/r4tk.cheofoundation.com\/fr\/wp-json\/wp\/v2\/pages"}],"about":[{"href":"https:\/\/r4tk.cheofoundation.com\/fr\/wp-json\/wp\/v2\/types\/page"}],"author":[{"embeddable":true,"href":"https:\/\/r4tk.cheofoundation.com\/fr\/wp-json\/wp\/v2\/users\/1"}],"replies":[{"embeddable":true,"href":"https:\/\/r4tk.cheofoundation.com\/fr\/wp-json\/wp\/v2\/comments?post=951"}],"version-history":[{"count":0,"href":"https:\/\/r4tk.cheofoundation.com\/fr\/wp-json\/wp\/v2\/pages\/951\/revisions"}],"wp:featuredmedia":[{"embeddable":true,"href":"https:\/\/r4tk.cheofoundation.com\/fr\/wp-json\/wp\/v2\/media\/836"}],"wp:attachment":[{"href":"https:\/\/r4tk.cheofoundation.com\/fr\/wp-json\/wp\/v2\/media?parent=951"}],"curies":[{"name":"wp","href":"https:\/\/api.w.org\/{rel}","templated":true}]}}